{"id":1057,"date":"2023-04-06T00:13:24","date_gmt":"2023-04-06T00:13:24","guid":{"rendered":"https:\/\/nuevo.munasimkullakita.org\/?page_id=1057"},"modified":"2025-03-17T16:30:15","modified_gmt":"2025-03-17T20:30:15","slug":"especialistas-tematicos","status":"publish","type":"page","link":"https:\/\/munasimkullakita.org\/?page_id=1057","title":{"rendered":"Especialistas tem\u00e1ticos"},"content":{"rendered":"<h2>Especialistas tem\u00e1ticos<\/h2>\n<p>Especialistas tem\u00e1ticos:<\/p>\n<p>\u00a0<\/p>\n<ol>\n<li>Especialistas en trata de personas, proxenetismo, pornograf\u00eda infantil y explotaci\u00f3n sexual comercial (ESC) en ni\u00f1as y adolescentes mujeres.<\/li>\n<li>Especialistas en tratamiento comunitario (ECO2).<\/li>\n<li>Especialistas en atenci\u00f3n e intervenci\u00f3n a v\u00edctimas de trata y explotaci\u00f3n sexual comercial.<\/li>\n<li>Especialistas en prevenci\u00f3n.<\/li>\n<li>Especialistas en protecci\u00f3n internacional.<\/li>\n<li>Especialistas en incidencia pol\u00edtica y fortalecimiento de redes.<\/li>\n<li>Especialistas en atenci\u00f3n a personas en situaci\u00f3n de sufrimiento social, como ni\u00f1as, ni\u00f1os, adolescentes y adultos en situaci\u00f3n de consumo de sustancias psicoactivas y vida de calle.<\/li>\n<li>Especialistas en atenci\u00f3n a ni\u00f1as, ni\u00f1os, adolescentes y mujeres en situaci\u00f3n de movilidad humana debido a su situaci\u00f3n de alta vulnerabilidad en sus procesos migratorios o de refugio.<\/li>\n<\/ol>\n","protected":false},"excerpt":{"rendered":"<p>Especialistas tem\u00e1ticos Especialistas tem\u00e1ticos: \u00a0 Especialistas en trata de personas, proxenetismo, pornograf\u00eda infantil y explotaci\u00f3n sexual comercial (ESC) en ni\u00f1as y adolescentes mujeres. Especialistas en tratamiento comunitario (ECO2). Especialistas en atenci\u00f3n e intervenci\u00f3n a v\u00edctimas de trata y explotaci\u00f3n sexual comercial. Especialistas en prevenci\u00f3n. Especialistas en protecci\u00f3n internacional. Especialistas en incidencia pol\u00edtica y fortalecimiento de redes. Especialistas en atenci\u00f3n a personas en situaci\u00f3n de sufrimiento social, como ni\u00f1as, ni\u00f1os, adolescentes y adultos en situaci\u00f3n de consumo de sustancias psicoactivas y vida de calle. Especialistas en atenci\u00f3n a ni\u00f1as, ni\u00f1os, adolescentes y mujeres en situaci\u00f3n de movilidad humana debido a su situaci\u00f3n de alta vulnerabilidad en sus procesos migratorios o de refugio.<\/p>\n","protected":false},"author":2,"featured_media":0,"parent":0,"menu_order":0,"comment_status":"closed","ping_status":"closed","template":"","meta":{"inline_featured_image":false,"footnotes":""},"class_list":["post-1057","page","type-page","status-publish","hentry"],"_links":{"self":[{"href":"https:\/\/munasimkullakita.org\/index.php?rest_route=\/wp\/v2\/pages\/1057"}],"collection":[{"href":"https:\/\/munasimkullakita.org\/index.php?rest_route=\/wp\/v2\/pages"}],"about":[{"href":"https:\/\/munasimkullakita.org\/index.php?rest_route=\/wp\/v2\/types\/page"}],"author":[{"embeddable":true,"href":"https:\/\/munasimkullakita.org\/index.php?rest_route=\/wp\/v2\/users\/2"}],"replies":[{"embeddable":true,"href":"https:\/\/munasimkullakita.org\/index.php?rest_route=%2Fwp%2Fv2%2Fcomments&post=1057"}],"version-history":[{"count":39,"href":"https:\/\/munasimkullakita.org\/index.php?rest_route=\/wp\/v2\/pages\/1057\/revisions"}],"predecessor-version":[{"id":3577,"href":"https:\/\/munasimkullakita.org\/index.php?rest_route=\/wp\/v2\/pages\/1057\/revisions\/3577"}],"wp:attachment":[{"href":"https:\/\/munasimkullakita.org\/index.php?rest_route=%2Fwp%2Fv2%2Fmedia&parent=1057"}],"curies":[{"name":"wp","href":"https:\/\/api.w.org\/{rel}","templated":true}]}}