{"id":1047,"date":"2023-04-06T00:00:05","date_gmt":"2023-04-06T00:00:05","guid":{"rendered":"https:\/\/nuevo.munasimkullakita.org\/?page_id=1047"},"modified":"2025-04-03T18:23:40","modified_gmt":"2025-04-03T22:23:40","slug":"lineas-tematicas","status":"publish","type":"page","link":"https:\/\/munasimkullakita.org\/?page_id=1047","title":{"rendered":"L\u00edneas tem\u00e1ticas"},"content":{"rendered":"\t\t<div data-elementor-type=\"wp-page\" data-elementor-id=\"1047\" class=\"elementor elementor-1047\" data-elementor-post-type=\"page\">\n\t\t\t\t\t\t<section class=\"elementor-section elementor-top-section elementor-element elementor-element-4298bb13 elementor-section-full_width elementor-section-height-default elementor-section-height-default wpr-jarallax-no wpr-parallax-no wpr-sticky-section-no wpr-equal-height-no\" data-id=\"4298bb13\" data-element_type=\"section\" data-settings=\"{&quot;background_background&quot;:&quot;slideshow&quot;,&quot;background_slideshow_gallery&quot;:[{&quot;id&quot;:2574,&quot;url&quot;:&quot;https:\\\/\\\/munasimkullakita.org\\\/wp-content\\\/uploads\\\/2023\\\/04\\\/ZOES-2.-Implementacion-de-las-ZOEs-por-los-NNAs-Lideres-1-scaled.webp&quot;},{&quot;id&quot;:2573,&quot;url&quot;:&quot;https:\\\/\\\/munasimkullakita.org\\\/wp-content\\\/uploads\\\/2023\\\/04\\\/Foto-4-trabajo-con-Redes-Comunitarias-Red-Operativa-importante-para-la-inclusion-social-de-personas-en-situacio-de-calle-1.webp&quot;},{&quot;id&quot;:2572,&quot;url&quot;:&quot;https:\\\/\\\/munasimkullakita.org\\\/wp-content\\\/uploads\\\/2023\\\/04\\\/GRUPOD1-1-scaled.webp&quot;},{&quot;id&quot;:2571,&quot;url&quot;:&quot;https:\\\/\\\/munasimkullakita.org\\\/wp-content\\\/uploads\\\/2023\\\/04\\\/198088633_1755213811317269_1862028871331220457_n-1.webp&quot;},{&quot;id&quot;:2569,&quot;url&quot;:&quot;https:\\\/\\\/munasimkullakita.org\\\/wp-content\\\/uploads\\\/2023\\\/04\\\/DSC_0257-1-scaled.webp&quot;}],&quot;background_slideshow_ken_burns&quot;:&quot;yes&quot;,&quot;background_slideshow_loop&quot;:&quot;yes&quot;,&quot;background_slideshow_slide_duration&quot;:5000,&quot;background_slideshow_slide_transition&quot;:&quot;fade&quot;,&quot;background_slideshow_transition_duration&quot;:500,&quot;background_slideshow_ken_burns_zoom_direction&quot;:&quot;in&quot;}\">\n\t\t\t\t\t\t\t<div class=\"elementor-background-overlay\"><\/div>\n\t\t\t\t\t\t\t<div class=\"elementor-container elementor-column-gap-default\">\n\t\t\t\t\t<div class=\"elementor-column elementor-col-100 elementor-top-column elementor-element elementor-element-a6db047\" data-id=\"a6db047\" data-element_type=\"column\">\n\t\t\t<div class=\"elementor-widget-wrap\">\n\t\t\t\t\t\t\t<\/div>\n\t\t<\/div>\n\t\t\t\t\t<\/div>\n\t\t<\/section>\n\t\t<div class=\"elementor-element elementor-element-113a56ea elementor-hidden-tablet elementor-hidden-mobile e-flex e-con-boxed wpr-particle-no wpr-jarallax-no wpr-parallax-no wpr-sticky-section-no wpr-equal-height-no e-con e-parent\" data-id=\"113a56ea\" data-element_type=\"container\">\n\t\t\t\t\t<div class=\"e-con-inner\">\n\t\t\t\t<div class=\"elementor-element elementor-element-4193f7a0 elementor-widget elementor-widget-image\" data-id=\"4193f7a0\" data-element_type=\"widget\" data-widget_type=\"image.default\">\n\t\t\t\t<div class=\"elementor-widget-container\">\n\t\t\t\t\t\t\t\t\t\t\t\t\t<img decoding=\"async\" width=\"300\" height=\"105\" src=\"https:\/\/munasimkullakita.org\/wp-content\/uploads\/2025\/03\/Munasim-Kullakita-Horizontal-1-300x105.png\" class=\"attachment-medium size-medium wp-image-3771\" alt=\"\" srcset=\"https:\/\/munasimkullakita.org\/wp-content\/uploads\/2025\/03\/Munasim-Kullakita-Horizontal-1-300x105.png 300w, https:\/\/munasimkullakita.org\/wp-content\/uploads\/2025\/03\/Munasim-Kullakita-Horizontal-1-1024x357.png 1024w, https:\/\/munasimkullakita.org\/wp-content\/uploads\/2025\/03\/Munasim-Kullakita-Horizontal-1-768x268.png 768w, https:\/\/munasimkullakita.org\/wp-content\/uploads\/2025\/03\/Munasim-Kullakita-Horizontal-1-1536x536.png 1536w, https:\/\/munasimkullakita.org\/wp-content\/uploads\/2025\/03\/Munasim-Kullakita-Horizontal-1-2048x715.png 2048w, https:\/\/munasimkullakita.org\/wp-content\/uploads\/2025\/03\/Munasim-Kullakita-Horizontal-1-570x199.png 570w, https:\/\/munasimkullakita.org\/wp-content\/uploads\/2025\/03\/Munasim-Kullakita-Horizontal-1-270x94.png 270w\" sizes=\"(max-width: 300px) 100vw, 300px\" \/>\t\t\t\t\t\t\t\t\t\t\t\t\t<\/div>\n\t\t\t\t<\/div>\n\t\t\t\t\t<\/div>\n\t\t\t\t<\/div>\n\t\t<div class=\"elementor-element elementor-element-4191ca91 e-flex e-con-boxed wpr-particle-no wpr-jarallax-no wpr-parallax-no wpr-sticky-section-no wpr-equal-height-no e-con e-parent\" data-id=\"4191ca91\" data-element_type=\"container\">\n\t\t\t\t\t<div class=\"e-con-inner\">\n\t\t\t\t<div class=\"elementor-element elementor-element-2bb84403 elementor-widget elementor-widget-heading\" data-id=\"2bb84403\" data-element_type=\"widget\" data-widget_type=\"heading.default\">\n\t\t\t\t<div class=\"elementor-widget-container\">\n\t\t\t<h2 class=\"elementor-heading-title elementor-size-default\">LINEAS TEMATICAS<\/h2>\t\t<\/div>\n\t\t\t\t<\/div>\n\t\t\t\t\t<\/div>\n\t\t\t\t<\/div>\n\t\t<div class=\"elementor-element elementor-element-88569bc e-flex e-con-boxed wpr-particle-no wpr-jarallax-no wpr-parallax-no wpr-sticky-section-no wpr-equal-height-no e-con e-parent\" data-id=\"88569bc\" data-element_type=\"container\">\n\t\t\t\t\t<div class=\"e-con-inner\">\n\t\t\t\t<div class=\"elementor-element elementor-element-5a0217e elementor-widget elementor-widget-image\" data-id=\"5a0217e\" data-element_type=\"widget\" data-widget_type=\"image.default\">\n\t\t\t\t<div class=\"elementor-widget-container\">\n\t\t\t\t\t\t\t\t\t\t\t\t\t<img decoding=\"async\" width=\"469\" height=\"14\" src=\"https:\/\/munasimkullakita.org\/wp-content\/uploads\/2025\/03\/Captura-de-pantalla-2025-03-31-103147.png\" class=\"attachment-large size-large wp-image-3919\" alt=\"\" srcset=\"https:\/\/munasimkullakita.org\/wp-content\/uploads\/2025\/03\/Captura-de-pantalla-2025-03-31-103147.png 469w, https:\/\/munasimkullakita.org\/wp-content\/uploads\/2025\/03\/Captura-de-pantalla-2025-03-31-103147-300x9.png 300w, https:\/\/munasimkullakita.org\/wp-content\/uploads\/2025\/03\/Captura-de-pantalla-2025-03-31-103147-270x8.png 270w\" sizes=\"(max-width: 469px) 100vw, 469px\" \/>\t\t\t\t\t\t\t\t\t\t\t\t\t<\/div>\n\t\t\t\t<\/div>\n\t\t\t\t\t<\/div>\n\t\t\t\t<\/div>\n\t\t<div class=\"elementor-element elementor-element-1161390e e-flex e-con-boxed wpr-particle-no wpr-jarallax-no wpr-parallax-no wpr-sticky-section-no wpr-equal-height-no e-con e-parent\" data-id=\"1161390e\" data-element_type=\"container\">\n\t\t\t\t\t<div class=\"e-con-inner\">\n\t\t<div class=\"elementor-element elementor-element-c216c18 e-flex e-con-boxed wpr-particle-no wpr-jarallax-no wpr-parallax-no wpr-sticky-section-no wpr-equal-height-no e-con e-child\" data-id=\"c216c18\" data-element_type=\"container\">\n\t\t\t\t\t<div class=\"e-con-inner\">\n\t\t\t\t<div class=\"elementor-element elementor-element-7ec01355 elementor-widget elementor-widget-text-editor\" data-id=\"7ec01355\" data-element_type=\"widget\" data-widget_type=\"text-editor.default\">\n\t\t\t\t<div class=\"elementor-widget-container\">\n\t\t\t\t\t\t\t<p>Las l\u00edneas tem\u00e1ticas de la fundaci\u00f3n basadas en el contexto descrito en el texto son:<\/p><p>\u00a0<\/p><ol><li><p>Atenci\u00f3n a los derechos de la ni\u00f1ez y adolescencia: Dado que la poblaci\u00f3n de ni\u00f1as, ni\u00f1os y adolescentes representa una tercera parte de la poblaci\u00f3n boliviana y han sido hist\u00f3ricamente desatendidos en cuanto a sus derechos, la fundaci\u00f3n se enfocar\u00eda en trabajar para garantizar el respeto y protecci\u00f3n de sus derechos humanos.<\/p><\/li><li><p>Prevenci\u00f3n y atenci\u00f3n a situaciones de vulnerabilidad: Debido a que la pobreza y los altos niveles de alcoholismo en Bolivia hacen que los ni\u00f1os vivan en entornos en los que son vulnerables y desprotegidos, la fundaci\u00f3n buscar\u00eda prevenir y atender situaciones de vulnerabilidad que puedan poner en riesgo la integridad f\u00edsica y emocional de los ni\u00f1os.<\/p><\/li><li><p>Lucha contra la violencia de g\u00e9nero y discriminaci\u00f3n: La fundaci\u00f3n trabajar\u00eda para combatir la violencia en raz\u00f3n de g\u00e9nero, en particular la violencia sexual, que afecta a todos los estratos sociales y econ\u00f3micos de la sociedad, pero no se reconoce como un problema de salud o social en Bolivia. La fundaci\u00f3n tambi\u00e9n abogar\u00eda por la igualdad de g\u00e9nero y luchar\u00eda contra la discriminaci\u00f3n hacia las mujeres y las ni\u00f1as.<\/p><\/li><li><p>Fortalecimiento de redes de cuidado: En el contexto actual, la fundaci\u00f3n se enfocar\u00eda en fortalecer las redes de cuidado para prevenir situaciones de mayor vulnerabilidad que puedan dejar a los ni\u00f1os, ni\u00f1as y adolescentes expuestos a la trata de personas, trabajo infantil peligroso, explotaci\u00f3n sexual comercial, incremento de ni\u00f1as, ni\u00f1os y adolescentes en situaci\u00f3n de calle, como tambi\u00e9n escenarios de tr\u00e1fico il\u00edcito de migrantes que involucran a NNA.<\/p><\/li><li><p>Mitigaci\u00f3n de los impactos de la crisis: La fundaci\u00f3n trabajar\u00eda para mitigar los impactos de la crisis social, humanitaria y econ\u00f3mica que est\u00e1 afectando a Bolivia, en especial a los sectores m\u00e1s vulnerables, y en particular a las mujeres y los j\u00f3venes, que estructuralmente cuentan con menor acceso a fuentes laborales. La fundaci\u00f3n buscar\u00eda apoyar a las familias bolivianas en su lucha contra la pobreza y la desigualdad.<\/p><\/li><\/ol>\t\t\t\t\t\t<\/div>\n\t\t\t\t<\/div>\n\t\t\t\t\t<\/div>\n\t\t\t\t<\/div>\n\t\t\t\t\t<\/div>\n\t\t\t\t<\/div>\n\t\t<div class=\"elementor-element elementor-element-efb30dd e-flex e-con-boxed wpr-particle-no wpr-jarallax-no wpr-parallax-no wpr-sticky-section-no wpr-equal-height-no e-con e-parent\" data-id=\"efb30dd\" data-element_type=\"container\">\n\t\t\t\t\t<div class=\"e-con-inner\">\n\t\t\t\t<div class=\"elementor-element elementor-element-305e6d88 elementor-widget elementor-widget-image\" data-id=\"305e6d88\" data-element_type=\"widget\" data-widget_type=\"image.default\">\n\t\t\t\t<div class=\"elementor-widget-container\">\n\t\t\t\t\t\t\t\t\t\t\t\t\t<img decoding=\"async\" width=\"469\" height=\"14\" src=\"https:\/\/munasimkullakita.org\/wp-content\/uploads\/2025\/03\/Captura-de-pantalla-2025-03-31-103147.png\" class=\"attachment-large size-large wp-image-3919\" alt=\"\" srcset=\"https:\/\/munasimkullakita.org\/wp-content\/uploads\/2025\/03\/Captura-de-pantalla-2025-03-31-103147.png 469w, https:\/\/munasimkullakita.org\/wp-content\/uploads\/2025\/03\/Captura-de-pantalla-2025-03-31-103147-300x9.png 300w, https:\/\/munasimkullakita.org\/wp-content\/uploads\/2025\/03\/Captura-de-pantalla-2025-03-31-103147-270x8.png 270w\" sizes=\"(max-width: 469px) 100vw, 469px\" \/>\t\t\t\t\t\t\t\t\t\t\t\t\t<\/div>\n\t\t\t\t<\/div>\n\t\t\t\t\t<\/div>\n\t\t\t\t<\/div>\n\t\t\t\t<\/div>\n\t\t","protected":false},"excerpt":{"rendered":"<p>LINEAS TEMATICAS Las l\u00edneas tem\u00e1ticas de la fundaci\u00f3n basadas en el contexto descrito en el texto son: \u00a0 Atenci\u00f3n a los derechos de la ni\u00f1ez y adolescencia: Dado que la poblaci\u00f3n de ni\u00f1as, ni\u00f1os y adolescentes representa una tercera parte de la poblaci\u00f3n boliviana y han sido hist\u00f3ricamente desatendidos en cuanto a sus derechos, la fundaci\u00f3n se enfocar\u00eda en trabajar para garantizar el respeto y protecci\u00f3n de sus derechos humanos. Prevenci\u00f3n y atenci\u00f3n a situaciones de vulnerabilidad: Debido a que la pobreza y los altos niveles de alcoholismo en Bolivia hacen que los ni\u00f1os vivan en entornos en los que son vulnerables y desprotegidos, la fundaci\u00f3n buscar\u00eda prevenir y atender situaciones de vulnerabilidad que puedan poner en riesgo la integridad f\u00edsica y emocional de los ni\u00f1os. Lucha contra la violencia de g\u00e9nero y discriminaci\u00f3n: La fundaci\u00f3n trabajar\u00eda para combatir la violencia en raz\u00f3n de g\u00e9nero, en particular la violencia sexual, que afecta a todos los estratos sociales y econ\u00f3micos de la sociedad, pero no se reconoce como un problema de salud o social en Bolivia. La fundaci\u00f3n tambi\u00e9n abogar\u00eda por la igualdad de g\u00e9nero y luchar\u00eda contra la discriminaci\u00f3n hacia las mujeres y las ni\u00f1as. Fortalecimiento de redes de cuidado: En el contexto actual, la fundaci\u00f3n se enfocar\u00eda en fortalecer las redes de cuidado para prevenir situaciones de mayor vulnerabilidad que puedan dejar a los ni\u00f1os, ni\u00f1as y adolescentes expuestos a la trata de personas, trabajo infantil peligroso, explotaci\u00f3n sexual comercial, incremento de ni\u00f1as, ni\u00f1os y adolescentes en situaci\u00f3n de calle, como tambi\u00e9n escenarios de tr\u00e1fico il\u00edcito de migrantes que involucran a NNA. Mitigaci\u00f3n de los impactos de la crisis: La fundaci\u00f3n trabajar\u00eda para mitigar los impactos de la crisis social, humanitaria y econ\u00f3mica que est\u00e1 afectando a Bolivia, en especial a los sectores m\u00e1s vulnerables, y en particular a las mujeres y los j\u00f3venes, que estructuralmente cuentan con menor acceso a fuentes laborales. La fundaci\u00f3n buscar\u00eda apoyar a las familias bolivianas en su lucha contra la pobreza y la desigualdad.<\/p>\n","protected":false},"author":2,"featured_media":0,"parent":0,"menu_order":0,"comment_status":"closed","ping_status":"closed","template":"","meta":{"inline_featured_image":false,"footnotes":""},"class_list":["post-1047","page","type-page","status-publish","hentry"],"_links":{"self":[{"href":"https:\/\/munasimkullakita.org\/index.php?rest_route=\/wp\/v2\/pages\/1047"}],"collection":[{"href":"https:\/\/munasimkullakita.org\/index.php?rest_route=\/wp\/v2\/pages"}],"about":[{"href":"https:\/\/munasimkullakita.org\/index.php?rest_route=\/wp\/v2\/types\/page"}],"author":[{"embeddable":true,"href":"https:\/\/munasimkullakita.org\/index.php?rest_route=\/wp\/v2\/users\/2"}],"replies":[{"embeddable":true,"href":"https:\/\/munasimkullakita.org\/index.php?rest_route=%2Fwp%2Fv2%2Fcomments&post=1047"}],"version-history":[{"count":22,"href":"https:\/\/munasimkullakita.org\/index.php?rest_route=\/wp\/v2\/pages\/1047\/revisions"}],"predecessor-version":[{"id":4093,"href":"https:\/\/munasimkullakita.org\/index.php?rest_route=\/wp\/v2\/pages\/1047\/revisions\/4093"}],"wp:attachment":[{"href":"https:\/\/munasimkullakita.org\/index.php?rest_route=%2Fwp%2Fv2%2Fmedia&parent=1047"}],"curies":[{"name":"wp","href":"https:\/\/api.w.org\/{rel}","templated":true}]}}